{"id":3130,"date":"2025-01-09T14:27:27","date_gmt":"2025-01-09T19:27:27","guid":{"rendered":"https:\/\/store.hartiatoys.com\/?post_type=product&#038;p=3130"},"modified":"2026-01-14T15:39:51","modified_gmt":"2026-01-14T20:39:51","slug":"twist-objet-en-papier-copy","status":"publish","type":"product","link":"https:\/\/store.hartiatoys.com\/fr\/produit\/twist-objet-en-papier-copy\/","title":{"rendered":"Monument"},"content":{"rendered":"\t\t<div data-elementor-type=\"product-post\" data-elementor-id=\"3130\" class=\"elementor elementor-3130 elementor-3129\" data-elementor-post-type=\"product\">\n\t\t\t\t\t\t<section class=\"elementor-section elementor-top-section elementor-element elementor-element-4c53c19e elementor-section-boxed elementor-section-height-default elementor-section-height-default\" data-id=\"4c53c19e\" data-element_type=\"section\" data-e-type=\"section\">\n\t\t\t\t\t\t<div class=\"elementor-container elementor-column-gap-default\">\n\t\t\t\t\t<div class=\"elementor-column elementor-col-50 elementor-top-column elementor-element elementor-element-5daae89d\" data-id=\"5daae89d\" data-element_type=\"column\" data-e-type=\"column\">\n\t\t\t<div class=\"elementor-widget-wrap elementor-element-populated\">\n\t\t\t\t\t\t<div class=\"elementor-element elementor-element-34da7a5c yes elementor-widget elementor-widget-woocommerce-product-images\" data-id=\"34da7a5c\" data-element_type=\"widget\" data-e-type=\"widget\" data-widget_type=\"woocommerce-product-images.default\">\n\t\t\t\t<div class=\"elementor-widget-container\">\n\t\t\t\t\t<div class=\"woocommerce-product-gallery woocommerce-product-gallery--with-images woocommerce-product-gallery--columns-4 images\" data-columns=\"4\" style=\"opacity: 0; transition: opacity .25s ease-in-out;\">\n\t<div class=\"woocommerce-product-gallery__wrapper\">\n\t\t<div data-thumb=\"https:\/\/i0.wp.com\/store.hartiatoys.com\/wp-content\/uploads\/2025\/01\/monument.png?resize=100%2C100&#038;ssl=1\" data-thumb-alt=\"carton\" data-thumb-srcset=\"https:\/\/i0.wp.com\/store.hartiatoys.com\/wp-content\/uploads\/2025\/01\/monument.png?resize=150%2C150&amp;ssl=1 150w, https:\/\/i0.wp.com\/store.hartiatoys.com\/wp-content\/uploads\/2025\/01\/monument.png?resize=400%2C400&amp;ssl=1 400w, https:\/\/i0.wp.com\/store.hartiatoys.com\/wp-content\/uploads\/2025\/01\/monument.png?resize=100%2C100&amp;ssl=1 100w, https:\/\/i0.wp.com\/store.hartiatoys.com\/wp-content\/uploads\/2025\/01\/monument.png?zoom=2&amp;resize=100%2C100&amp;ssl=1 200w, https:\/\/i0.wp.com\/store.hartiatoys.com\/wp-content\/uploads\/2025\/01\/monument.png?zoom=3&amp;resize=100%2C100&amp;ssl=1 300w\"  data-thumb-sizes=\"(max-width: 100px) 100vw, 100px\" class=\"woocommerce-product-gallery__image\"><a href=\"https:\/\/i0.wp.com\/store.hartiatoys.com\/wp-content\/uploads\/2025\/01\/monument.png?fit=1586%2C1982&#038;ssl=1\"><img fetchpriority=\"high\" decoding=\"async\" width=\"1000\" height=\"1250\" src=\"https:\/\/i0.wp.com\/store.hartiatoys.com\/wp-content\/uploads\/2025\/01\/monument.png?fit=1000%2C1250&amp;ssl=1\" class=\"wp-post-image\" alt=\"carton\" data-caption=\"\" data-src=\"https:\/\/i0.wp.com\/store.hartiatoys.com\/wp-content\/uploads\/2025\/01\/monument.png?fit=1586%2C1982&#038;ssl=1\" data-large_image=\"https:\/\/i0.wp.com\/store.hartiatoys.com\/wp-content\/uploads\/2025\/01\/monument.png?fit=1586%2C1982&#038;ssl=1\" data-large_image_width=\"1586\" data-large_image_height=\"1982\" srcset=\"https:\/\/i0.wp.com\/store.hartiatoys.com\/wp-content\/uploads\/2025\/01\/monument.png?w=1586&amp;ssl=1 1586w, https:\/\/i0.wp.com\/store.hartiatoys.com\/wp-content\/uploads\/2025\/01\/monument.png?resize=240%2C300&amp;ssl=1 240w, https:\/\/i0.wp.com\/store.hartiatoys.com\/wp-content\/uploads\/2025\/01\/monument.png?resize=819%2C1024&amp;ssl=1 819w, https:\/\/i0.wp.com\/store.hartiatoys.com\/wp-content\/uploads\/2025\/01\/monument.png?resize=768%2C960&amp;ssl=1 768w, https:\/\/i0.wp.com\/store.hartiatoys.com\/wp-content\/uploads\/2025\/01\/monument.png?resize=1229%2C1536&amp;ssl=1 1229w, https:\/\/i0.wp.com\/store.hartiatoys.com\/wp-content\/uploads\/2025\/01\/monument.png?resize=1000%2C1250&amp;ssl=1 1000w, https:\/\/i0.wp.com\/store.hartiatoys.com\/wp-content\/uploads\/2025\/01\/monument.png?resize=400%2C500&amp;ssl=1 400w\" sizes=\"(max-width: 1000px) 100vw, 1000px\" \/><\/a><\/div>\t<\/div>\n<\/div>\n\t\t\t\t<\/div>\n\t\t\t\t<\/div>\n\t\t\t\t\t<\/div>\n\t\t<\/div>\n\t\t\t\t<div class=\"elementor-column elementor-col-50 elementor-top-column elementor-element elementor-element-4b95a299\" data-id=\"4b95a299\" data-element_type=\"column\" data-e-type=\"column\">\n\t\t\t<div class=\"elementor-widget-wrap elementor-element-populated\">\n\t\t\t\t\t\t<div class=\"elementor-element elementor-element-2ff94ec0 elementor-widget elementor-widget-woocommerce-breadcrumb\" data-id=\"2ff94ec0\" data-element_type=\"widget\" data-e-type=\"widget\" data-widget_type=\"woocommerce-breadcrumb.default\">\n\t\t\t\t<div class=\"elementor-widget-container\">\n\t\t\t\t\t<nav class=\"woocommerce-breadcrumb\" aria-label=\"Breadcrumb\">Accueil<\/nav>\t\t\t\t<\/div>\n\t\t\t\t<\/div>\n\t\t\t\t<div class=\"elementor-element elementor-element-43dc202b elementor-widget elementor-widget-woocommerce-product-title elementor-page-title elementor-widget-heading\" data-id=\"43dc202b\" data-element_type=\"widget\" data-e-type=\"widget\" data-widget_type=\"woocommerce-product-title.default\">\n\t\t\t\t<div class=\"elementor-widget-container\">\n\t\t\t\t\t<h1 class=\"product_title entry-title elementor-heading-title elementor-size-default\">Monument<\/h1>\t\t\t\t<\/div>\n\t\t\t\t<\/div>\n\t\t\t\t<div class=\"elementor-element elementor-element-155becda elementor-widget elementor-widget-woocommerce-product-short-description\" data-id=\"155becda\" data-element_type=\"widget\" data-e-type=\"widget\" data-widget_type=\"woocommerce-product-short-description.default\">\n\t\t\t\t<div class=\"elementor-widget-container\">\n\t\t\t\t\t<div class=\"woocommerce-product-details__short-description\">\n\t<p>Sculpture de carton noir Bainbridge, d\u00e9coup\u00e9e au laser. Sign\u00e9 par le designer.<\/p>\n<\/div>\n\t\t\t\t<\/div>\n\t\t\t\t<\/div>\n\t\t\t\t<div class=\"elementor-element elementor-element-5b110beb elementor-widget elementor-widget-woocommerce-product-price\" data-id=\"5b110beb\" data-element_type=\"widget\" data-e-type=\"widget\" data-widget_type=\"woocommerce-product-price.default\">\n\t\t\t\t<div class=\"elementor-widget-container\">\n\t\t\t\t\t<p class=\"price\"><span class=\"woocommerce-Price-amount amount\"><bdi><span class=\"woocommerce-Price-currencySymbol\">&#36;<\/span>50.00<\/bdi><\/span><\/p>\n\t\t\t\t<\/div>\n\t\t\t\t<\/div>\n\t\t\t\t<div class=\"elementor-element elementor-element-3c52ec3e e-add-to-cart--show-quantity-yes elementor-widget elementor-widget-woocommerce-product-add-to-cart\" data-id=\"3c52ec3e\" data-element_type=\"widget\" data-e-type=\"widget\" data-widget_type=\"woocommerce-product-add-to-cart.default\">\n\t\t\t\t<div class=\"elementor-widget-container\">\n\t\t\t\t\t\n\t\t<div class=\"elementor-add-to-cart elementor-product-simple\">\n\t\t\t\n\t\n\t<form class=\"cart\" action=\"https:\/\/store.hartiatoys.com\/fr\/produit\/twist-objet-en-papier-copy\/\" method=\"post\" enctype='multipart\/form-data'>\n\t\t\n\t\t<div class=\"quantity\">\n\t\t<label class=\"screen-reader-text\" for=\"quantity_69ec7da39027c\">quantit\u00e9 de Monument<\/label>\n\t<input\n\t\ttype=\"number\"\n\t\t\t\tid=\"quantity_69ec7da39027c\"\n\t\tclass=\"input-text qty text\"\n\t\tname=\"quantity\"\n\t\tvalue=\"1\"\n\t\taria-label=\"Quantit\u00e9 de produits\"\n\t\t\t\tmin=\"1\"\n\t\t\t\t\t\t\tstep=\"1\"\n\t\t\tplaceholder=\"\"\n\t\t\tinputmode=\"numeric\"\n\t\t\tautocomplete=\"off\"\n\t\t\t\/>\n\t<\/div>\n\n\t\t<button type=\"submit\" name=\"add-to-cart\" value=\"3130\" class=\"single_add_to_cart_button button alt\">Ajouter au panier<\/button>\n\n\t\t\t<\/form>\n\n\t\n\t\t<\/div>\n\n\t\t\t\t\t\t<\/div>\n\t\t\t\t<\/div>\n\t\t\t\t\t<\/div>\n\t\t<\/div>\n\t\t\t\t\t<\/div>\n\t\t<\/section>\n\t\t\t\t<section class=\"elementor-section elementor-top-section elementor-element elementor-element-4bcd3ee0 elementor-section-boxed elementor-section-height-default elementor-section-height-default\" data-id=\"4bcd3ee0\" data-element_type=\"section\" data-e-type=\"section\">\n\t\t\t\t\t\t<div class=\"elementor-container elementor-column-gap-default\">\n\t\t\t\t\t<div class=\"elementor-column elementor-col-100 elementor-top-column elementor-element elementor-element-77a42ce\" data-id=\"77a42ce\" data-element_type=\"column\" data-e-type=\"column\">\n\t\t\t<div class=\"elementor-widget-wrap elementor-element-populated\">\n\t\t\t\t\t\t<div class=\"elementor-element elementor-element-f04bc2e elementor-product-loop-item--align-center elementor-grid-4 elementor-grid-tablet-3 elementor-grid-mobile-2 elementor-products-grid elementor-wc-products show-heading-yes elementor-widget elementor-widget-woocommerce-product-related\" data-id=\"f04bc2e\" data-element_type=\"widget\" data-e-type=\"widget\" data-widget_type=\"woocommerce-product-related.default\">\n\t\t\t\t<div class=\"elementor-widget-container\">\n\t\t\t\t\t\n\t<section class=\"related products\">\n\n\t\t\t\t\t<h2>Produits similaires<\/h2>\n\t\t\t\t<ul class=\"products elementor-grid columns-4\">\n\n\t\t\t\n\t\t\t\t\t<li class=\"desktop-align-left tablet-align-left mobile-align-left product type-product post-2485 status-publish first instock product_cat-kits-de-papier-diy product_tag-bricolage-fr product_tag-jouet-de-papier-fr product_tag-jouet-en-papier product_tag-kit-kraft product_tag-kraft-fr product_tag-nativite product_tag-papier-fr product_tag-papier-fr-2 has-post-thumbnail taxable shipping-taxable purchasable product-type-simple\">\n\t<a href=\"https:\/\/store.hartiatoys.com\/fr\/produit\/creche\/\" class=\"woocommerce-LoopProduct-link woocommerce-loop-product__link\"><img decoding=\"async\" width=\"400\" height=\"400\" src=\"https:\/\/i0.wp.com\/store.hartiatoys.com\/wp-content\/uploads\/2021\/05\/Nativity_box.jpg?resize=400%2C400&amp;ssl=1\" class=\"attachment-woocommerce_thumbnail size-woocommerce_thumbnail\" alt=\"Cr\u00e8che\" srcset=\"https:\/\/i0.wp.com\/store.hartiatoys.com\/wp-content\/uploads\/2021\/05\/Nativity_box.jpg?resize=400%2C400&amp;ssl=1 400w, https:\/\/i0.wp.com\/store.hartiatoys.com\/wp-content\/uploads\/2021\/05\/Nativity_box.jpg?resize=100%2C100&amp;ssl=1 100w, https:\/\/i0.wp.com\/store.hartiatoys.com\/wp-content\/uploads\/2021\/05\/Nativity_box.jpg?resize=150%2C150&amp;ssl=1 150w, https:\/\/i0.wp.com\/store.hartiatoys.com\/wp-content\/uploads\/2021\/05\/Nativity_box.jpg?resize=300%2C300&amp;ssl=1 300w, https:\/\/i0.wp.com\/store.hartiatoys.com\/wp-content\/uploads\/2021\/05\/Nativity_box.jpg?resize=500%2C500&amp;ssl=1 500w, https:\/\/i0.wp.com\/store.hartiatoys.com\/wp-content\/uploads\/2021\/05\/Nativity_box.jpg?zoom=2&amp;resize=400%2C400&amp;ssl=1 800w, https:\/\/i0.wp.com\/store.hartiatoys.com\/wp-content\/uploads\/2021\/05\/Nativity_box.jpg?zoom=3&amp;resize=400%2C400&amp;ssl=1 1200w\" sizes=\"(max-width: 400px) 100vw, 400px\" \/><h2 class=\"woocommerce-loop-product__title\">Cr\u00e8che<\/h2>\n\t<span class=\"price\"><span class=\"woocommerce-Price-amount amount\"><bdi><span class=\"woocommerce-Price-currencySymbol\">&#36;<\/span>34.95<\/bdi><\/span><\/span>\n<\/a><a href=\"\/fr\/wp-json\/wp\/v2\/product\/3130?add-to-cart=2485\" aria-describedby=\"woocommerce_loop_add_to_cart_link_describedby_2485\" data-quantity=\"1\" class=\"button product_type_simple add_to_cart_button ajax_add_to_cart\" data-product_id=\"2485\" data-product_sku=\"htb9118\" aria-label=\"Ajouter au panier\u00a0: &ldquo;Cr\u00e8che&rdquo;\" rel=\"nofollow\" data-success_message=\"\u00ab\u00a0Cr\u00e8che\u00a0\u00bb a \u00e9t\u00e9 ajout\u00e9 \u00e0 votre panier\" role=\"button\">Ajouter au panier<\/a>\t<span id=\"woocommerce_loop_add_to_cart_link_describedby_2485\" class=\"screen-reader-text\">\n\t\t\t<\/span>\n<\/li>\n\n\t\t\t\n\t\t\t\t\t<li class=\"desktop-align-left tablet-align-left mobile-align-left product type-product post-2425 status-publish instock product_cat-sculptures-en-papier product_tag-abstrait product_tag-objet-en-papier product_tag-papier-fr-2 product_tag-papier-fr product_tag-pyramide product_tag-sculpture-fr has-post-thumbnail taxable shipping-taxable purchasable product-type-simple\">\n\t<a href=\"https:\/\/store.hartiatoys.com\/fr\/produit\/pyramide\/\" class=\"woocommerce-LoopProduct-link woocommerce-loop-product__link\"><img decoding=\"async\" width=\"400\" height=\"400\" src=\"https:\/\/i0.wp.com\/store.hartiatoys.com\/wp-content\/uploads\/2020\/07\/IMG_4589-rotated.jpg?resize=400%2C400&amp;ssl=1\" class=\"attachment-woocommerce_thumbnail size-woocommerce_thumbnail\" alt=\"Pyramide\" srcset=\"https:\/\/i0.wp.com\/store.hartiatoys.com\/wp-content\/uploads\/2020\/07\/IMG_4589-rotated.jpg?w=2448&amp;ssl=1 2448w, https:\/\/i0.wp.com\/store.hartiatoys.com\/wp-content\/uploads\/2020\/07\/IMG_4589-rotated.jpg?resize=400%2C400&amp;ssl=1 400w, https:\/\/i0.wp.com\/store.hartiatoys.com\/wp-content\/uploads\/2020\/07\/IMG_4589-rotated.jpg?resize=100%2C100&amp;ssl=1 100w, https:\/\/i0.wp.com\/store.hartiatoys.com\/wp-content\/uploads\/2020\/07\/IMG_4589-rotated.jpg?resize=1000%2C1000&amp;ssl=1 1000w, https:\/\/i0.wp.com\/store.hartiatoys.com\/wp-content\/uploads\/2020\/07\/IMG_4589-rotated.jpg?resize=150%2C150&amp;ssl=1 150w, https:\/\/i0.wp.com\/store.hartiatoys.com\/wp-content\/uploads\/2020\/07\/IMG_4589-rotated.jpg?resize=300%2C300&amp;ssl=1 300w, https:\/\/i0.wp.com\/store.hartiatoys.com\/wp-content\/uploads\/2020\/07\/IMG_4589-rotated.jpg?resize=768%2C768&amp;ssl=1 768w, https:\/\/i0.wp.com\/store.hartiatoys.com\/wp-content\/uploads\/2020\/07\/IMG_4589-rotated.jpg?resize=1024%2C1024&amp;ssl=1 1024w, https:\/\/i0.wp.com\/store.hartiatoys.com\/wp-content\/uploads\/2020\/07\/IMG_4589-rotated.jpg?resize=1536%2C1536&amp;ssl=1 1536w, https:\/\/i0.wp.com\/store.hartiatoys.com\/wp-content\/uploads\/2020\/07\/IMG_4589-rotated.jpg?resize=2048%2C2048&amp;ssl=1 2048w, https:\/\/i0.wp.com\/store.hartiatoys.com\/wp-content\/uploads\/2020\/07\/IMG_4589-rotated.jpg?resize=1320%2C1320&amp;ssl=1 1320w\" sizes=\"(max-width: 400px) 100vw, 400px\" \/><h2 class=\"woocommerce-loop-product__title\">Pyramide<\/h2>\n\t<span class=\"price\"><span class=\"woocommerce-Price-amount amount\"><bdi><span class=\"woocommerce-Price-currencySymbol\">&#36;<\/span>55.00<\/bdi><\/span><\/span>\n<\/a><a href=\"\/fr\/wp-json\/wp\/v2\/product\/3130?add-to-cart=2425\" aria-describedby=\"woocommerce_loop_add_to_cart_link_describedby_2425\" data-quantity=\"1\" class=\"button product_type_simple add_to_cart_button ajax_add_to_cart\" data-product_id=\"2425\" data-product_sku=\"hts0003\" aria-label=\"Ajouter au panier\u00a0: &ldquo;Pyramide&rdquo;\" rel=\"nofollow\" data-success_message=\"\u00ab\u00a0Pyramide\u00a0\u00bb a \u00e9t\u00e9 ajout\u00e9 \u00e0 votre panier\" role=\"button\">Ajouter au panier<\/a>\t<span id=\"woocommerce_loop_add_to_cart_link_describedby_2425\" class=\"screen-reader-text\">\n\t\t\t<\/span>\n<\/li>\n\n\t\t\t\n\t\t\t\t\t<li class=\"desktop-align-left tablet-align-left mobile-align-left product type-product post-2460 status-publish instock product_cat-lampes-en-papier-diy product_tag-kit-de-bricolage product_tag-kit-kraft product_tag-lampe-led product_tag-papier-fr-2 product_tag-spirale has-post-thumbnail taxable shipping-taxable purchasable product-type-simple\">\n\t<a href=\"https:\/\/store.hartiatoys.com\/fr\/produit\/lampe-ovale\/\" class=\"woocommerce-LoopProduct-link woocommerce-loop-product__link\"><img loading=\"lazy\" decoding=\"async\" width=\"400\" height=\"400\" src=\"https:\/\/i0.wp.com\/store.hartiatoys.com\/wp-content\/uploads\/2020\/07\/ht_lamp07.jpg?resize=400%2C400&amp;ssl=1\" class=\"attachment-woocommerce_thumbnail size-woocommerce_thumbnail\" alt=\"Lampe - Ovale\" srcset=\"https:\/\/i0.wp.com\/store.hartiatoys.com\/wp-content\/uploads\/2020\/07\/ht_lamp07.jpg?resize=400%2C400&amp;ssl=1 400w, https:\/\/i0.wp.com\/store.hartiatoys.com\/wp-content\/uploads\/2020\/07\/ht_lamp07.jpg?resize=100%2C100&amp;ssl=1 100w, https:\/\/i0.wp.com\/store.hartiatoys.com\/wp-content\/uploads\/2020\/07\/ht_lamp07.jpg?resize=150%2C150&amp;ssl=1 150w, https:\/\/i0.wp.com\/store.hartiatoys.com\/wp-content\/uploads\/2020\/07\/ht_lamp07.jpg?resize=300%2C300&amp;ssl=1 300w, https:\/\/i0.wp.com\/store.hartiatoys.com\/wp-content\/uploads\/2020\/07\/ht_lamp07.jpg?resize=301%2C301&amp;ssl=1 301w, https:\/\/i0.wp.com\/store.hartiatoys.com\/wp-content\/uploads\/2020\/07\/ht_lamp07.jpg?zoom=2&amp;resize=400%2C400&amp;ssl=1 800w, https:\/\/i0.wp.com\/store.hartiatoys.com\/wp-content\/uploads\/2020\/07\/ht_lamp07.jpg?zoom=3&amp;resize=400%2C400&amp;ssl=1 1200w\" sizes=\"(max-width: 400px) 100vw, 400px\" \/><h2 class=\"woocommerce-loop-product__title\">Lampe &#8211; Ovale<\/h2>\n\t<span class=\"price\"><span class=\"woocommerce-Price-amount amount\"><bdi><span class=\"woocommerce-Price-currencySymbol\">&#36;<\/span>45.00<\/bdi><\/span><\/span>\n<\/a><a href=\"\/fr\/wp-json\/wp\/v2\/product\/3130?add-to-cart=2460\" aria-describedby=\"woocommerce_loop_add_to_cart_link_describedby_2460\" data-quantity=\"1\" class=\"button product_type_simple add_to_cart_button ajax_add_to_cart\" data-product_id=\"2460\" data-product_sku=\"\" aria-label=\"Ajouter au panier\u00a0: &ldquo;Lampe - Ovale&rdquo;\" rel=\"nofollow\" data-success_message=\"\u00ab\u00a0Lampe - Ovale\u00a0\u00bb a \u00e9t\u00e9 ajout\u00e9 \u00e0 votre panier\" role=\"button\">Ajouter au panier<\/a>\t<span id=\"woocommerce_loop_add_to_cart_link_describedby_2460\" class=\"screen-reader-text\">\n\t\t\t<\/span>\n<\/li>\n\n\t\t\t\n\t\t\t\t\t<li class=\"desktop-align-left tablet-align-left mobile-align-left product type-product post-2453 status-publish last instock product_cat-mobiles-kirigami product_tag-chien product_tag-ferme-fr product_tag-jouet-en-papier product_tag-kit-kraft product_tag-mobile-fr product_tag-papier-fr-2 product_tag-vache has-post-thumbnail taxable shipping-taxable purchasable product-type-simple\">\n\t<a href=\"https:\/\/store.hartiatoys.com\/fr\/produit\/ferme-mobile\/\" class=\"woocommerce-LoopProduct-link woocommerce-loop-product__link\"><img loading=\"lazy\" decoding=\"async\" width=\"400\" height=\"400\" src=\"https:\/\/i0.wp.com\/store.hartiatoys.com\/wp-content\/uploads\/2020\/07\/kirigami_cover_farm.png?resize=400%2C400&amp;ssl=1\" class=\"attachment-woocommerce_thumbnail size-woocommerce_thumbnail\" alt=\"Mobile Ferme\" srcset=\"https:\/\/i0.wp.com\/store.hartiatoys.com\/wp-content\/uploads\/2020\/07\/kirigami_cover_farm.png?w=1300&amp;ssl=1 1300w, https:\/\/i0.wp.com\/store.hartiatoys.com\/wp-content\/uploads\/2020\/07\/kirigami_cover_farm.png?resize=400%2C400&amp;ssl=1 400w, https:\/\/i0.wp.com\/store.hartiatoys.com\/wp-content\/uploads\/2020\/07\/kirigami_cover_farm.png?resize=100%2C100&amp;ssl=1 100w, https:\/\/i0.wp.com\/store.hartiatoys.com\/wp-content\/uploads\/2020\/07\/kirigami_cover_farm.png?resize=1000%2C1000&amp;ssl=1 1000w, https:\/\/i0.wp.com\/store.hartiatoys.com\/wp-content\/uploads\/2020\/07\/kirigami_cover_farm.png?resize=150%2C150&amp;ssl=1 150w, https:\/\/i0.wp.com\/store.hartiatoys.com\/wp-content\/uploads\/2020\/07\/kirigami_cover_farm.png?resize=300%2C300&amp;ssl=1 300w, https:\/\/i0.wp.com\/store.hartiatoys.com\/wp-content\/uploads\/2020\/07\/kirigami_cover_farm.png?resize=768%2C768&amp;ssl=1 768w, https:\/\/i0.wp.com\/store.hartiatoys.com\/wp-content\/uploads\/2020\/07\/kirigami_cover_farm.png?resize=1024%2C1024&amp;ssl=1 1024w\" sizes=\"(max-width: 400px) 100vw, 400px\" \/><h2 class=\"woocommerce-loop-product__title\">Mobile Ferme<\/h2>\n\t<span class=\"price\"><span class=\"woocommerce-Price-amount amount\"><bdi><span class=\"woocommerce-Price-currencySymbol\">&#36;<\/span>15.00<\/bdi><\/span><\/span>\n<\/a><a href=\"\/fr\/wp-json\/wp\/v2\/product\/3130?add-to-cart=2453\" aria-describedby=\"woocommerce_loop_add_to_cart_link_describedby_2453\" data-quantity=\"1\" class=\"button product_type_simple add_to_cart_button ajax_add_to_cart\" data-product_id=\"2453\" data-product_sku=\"\" aria-label=\"Ajouter au panier\u00a0: &ldquo;Mobile Ferme&rdquo;\" rel=\"nofollow\" data-success_message=\"\u00ab\u00a0Mobile Ferme\u00a0\u00bb a \u00e9t\u00e9 ajout\u00e9 \u00e0 votre panier\" role=\"button\">Ajouter au panier<\/a>\t<span id=\"woocommerce_loop_add_to_cart_link_describedby_2453\" class=\"screen-reader-text\">\n\t\t\t<\/span>\n<\/li>\n\n\t\t\t\n\t\t<\/ul>\n\n\t<\/section>\n\t\t\t\t\t<\/div>\n\t\t\t\t<\/div>\n\t\t\t\t\t<\/div>\n\t\t<\/div>\n\t\t\t\t\t<\/div>\n\t\t<\/section>\n\t\t\t\t<\/div>\n\t\t","protected":false},"excerpt":{"rendered":"<p>Sculpture de carton noir Bainbridge, d\u00e9coup\u00e9e au laser. Sign\u00e9 par le designer.<\/p>\n","protected":false},"featured_media":3617,"comment_status":"open","ping_status":"closed","template":"elementor_canvas","meta":{"site-sidebar-layout":"default","site-content-layout":"","ast-site-content-layout":"default","site-content-style":"default","site-sidebar-style":"default","ast-global-header-display":"","ast-banner-title-visibility":"","ast-main-header-display":"","ast-hfb-above-header-display":"","ast-hfb-below-header-display":"","ast-hfb-mobile-header-display":"","site-post-title":"","ast-breadcrumbs-content":"","ast-featured-img":"","footer-sml-layout":"","ast-disable-related-posts":"","theme-transparent-header-meta":"default","adv-header-id-meta":"","stick-header-meta":"","header-above-stick-meta":"","header-main-stick-meta":"","header-below-stick-meta":"","astra-migrate-meta-layouts":"set","ast-page-background-enabled":"default","ast-page-background-meta":{"desktop":{"background-color":"","background-image":"","background-repeat":"repeat","background-position":"center center","background-size":"auto","background-attachment":"scroll","background-type":"","background-media":"","overlay-type":"","overlay-color":"","overlay-opacity":"","overlay-gradient":""},"tablet":{"background-color":"","background-image":"","background-repeat":"repeat","background-position":"center center","background-size":"auto","background-attachment":"scroll","background-type":"","background-media":"","overlay-type":"","overlay-color":"","overlay-opacity":"","overlay-gradient":""},"mobile":{"background-color":"","background-image":"","background-repeat":"repeat","background-position":"center center","background-size":"auto","background-attachment":"scroll","background-type":"","background-media":"","overlay-type":"","overlay-color":"","overlay-opacity":"","overlay-gradient":""}},"ast-content-background-meta":{"desktop":{"background-color":"var(--ast-global-color-5)","background-image":"","background-repeat":"repeat","background-position":"center center","background-size":"auto","background-attachment":"scroll","background-type":"","background-media":"","overlay-type":"","overlay-color":"","overlay-opacity":"","overlay-gradient":""},"tablet":{"background-color":"var(--ast-global-color-5)","background-image":"","background-repeat":"repeat","background-position":"center center","background-size":"auto","background-attachment":"scroll","background-type":"","background-media":"","overlay-type":"","overlay-color":"","overlay-opacity":"","overlay-gradient":""},"mobile":{"background-color":"var(--ast-global-color-5)","background-image":"","background-repeat":"repeat","background-position":"center center","background-size":"auto","background-attachment":"scroll","background-type":"","background-media":"","overlay-type":"","overlay-color":"","overlay-opacity":"","overlay-gradient":""}},"jetpack_publicize_message":"","jetpack_publicize_feature_enabled":true,"jetpack_social_post_already_shared":true,"jetpack_social_options":{"image_generator_settings":{"template":"highway","default_image_id":0,"font":"","enabled":false},"version":2}},"product_brand":[],"product_cat":[291],"product_tag":[193,188,167],"class_list":{"0":"post-3130","1":"product","2":"type-product","3":"status-publish","4":"has-post-thumbnail","6":"product_cat-carton","7":"product_tag-abstrait","8":"product_tag-objet-en-papier","9":"product_tag-papier-fr-2","10":"desktop-align-left","11":"tablet-align-left","12":"mobile-align-left","14":"first","15":"instock","16":"taxable","17":"shipping-taxable","18":"purchasable","19":"product-type-simple"},"jetpack_publicize_connections":[],"jetpack_sharing_enabled":true,"jetpack_likes_enabled":true,"_links":{"self":[{"href":"https:\/\/store.hartiatoys.com\/fr\/wp-json\/wp\/v2\/product\/3130","targetHints":{"allow":["GET"]}}],"collection":[{"href":"https:\/\/store.hartiatoys.com\/fr\/wp-json\/wp\/v2\/product"}],"about":[{"href":"https:\/\/store.hartiatoys.com\/fr\/wp-json\/wp\/v2\/types\/product"}],"replies":[{"embeddable":true,"href":"https:\/\/store.hartiatoys.com\/fr\/wp-json\/wp\/v2\/comments?post=3130"}],"version-history":[{"count":11,"href":"https:\/\/store.hartiatoys.com\/fr\/wp-json\/wp\/v2\/product\/3130\/revisions"}],"predecessor-version":[{"id":3806,"href":"https:\/\/store.hartiatoys.com\/fr\/wp-json\/wp\/v2\/product\/3130\/revisions\/3806"}],"wp:featuredmedia":[{"embeddable":true,"href":"https:\/\/store.hartiatoys.com\/fr\/wp-json\/wp\/v2\/media\/3617"}],"wp:attachment":[{"href":"https:\/\/store.hartiatoys.com\/fr\/wp-json\/wp\/v2\/media?parent=3130"}],"wp:term":[{"taxonomy":"product_brand","embeddable":true,"href":"https:\/\/store.hartiatoys.com\/fr\/wp-json\/wp\/v2\/product_brand?post=3130"},{"taxonomy":"product_cat","embeddable":true,"href":"https:\/\/store.hartiatoys.com\/fr\/wp-json\/wp\/v2\/product_cat?post=3130"},{"taxonomy":"product_tag","embeddable":true,"href":"https:\/\/store.hartiatoys.com\/fr\/wp-json\/wp\/v2\/product_tag?post=3130"}],"curies":[{"name":"wp","href":"https:\/\/api.w.org\/{rel}","templated":true}]}}