{"id":2465,"date":"2021-05-11T18:17:48","date_gmt":"2021-05-11T22:17:48","guid":{"rendered":"https:\/\/store.hartiatoys.com\/product\/prehistoire\/"},"modified":"2025-01-27T13:28:34","modified_gmt":"2025-01-27T18:28:34","slug":"prehistoire","status":"publish","type":"product","link":"https:\/\/store.hartiatoys.com\/fr\/produit\/prehistoire\/","title":{"rendered":"Pr\u00e9histoire"},"content":{"rendered":"","protected":false},"excerpt":{"rendered":"<p>Fabriquer des jouets en papier &#8211; l&rsquo;activit\u00e9 id\u00e9ale pour s&rsquo;amuser en famille ou \u00e0 l&rsquo;\u00e9cole !<\/p>\n<p>&#8211; Kit papier \u00e0 faire soi-m\u00eame. Tout ce dont vous avez besoin, c&rsquo;est de ciseaux et d&rsquo;une r\u00e8gle.<br \/>\n&#8211; La bo\u00eete contient tout ce qu&rsquo;il faut pour construire un mobile.<br \/>\n&#8211; Colle et outil de rainage fournis.<br \/>\n&#8211; Livr\u00e9 avec des instructions en anglais et en fran\u00e7ais.<br \/>\n&#8211; La cour de r\u00e9cr\u00e9ation de la pr\u00e9histoire est incluse.<br \/>\n&#8211; Pour les 6 \u00e0 15 ans.<\/p>\n<p>Les enfants adorent les activit\u00e9s cr\u00e9atives ! Cette activit\u00e9 leur permet de d\u00e9couvrir diff\u00e9rents types d&rsquo;animaux pr\u00e9historiques. Les enfants apprennent \u00e0 suivre des instructions et \u00e0 participer au travail d&rsquo;\u00e9quipe. Cette activit\u00e9 aide \u00e0 d\u00e9velopper l&rsquo;autonomie, la pens\u00e9e en 3D et la dext\u00e9rit\u00e9 de l&rsquo;enfant.<\/p>\n","protected":false},"featured_media":2196,"comment_status":"open","ping_status":"closed","template":"","meta":{"site-sidebar-layout":"no-sidebar","site-content-layout":"page-builder","ast-site-content-layout":"full-width-container","site-content-style":"unboxed","site-sidebar-style":"unboxed","ast-global-header-display":"","ast-banner-title-visibility":"","ast-main-header-display":"","ast-hfb-above-header-display":"","ast-hfb-below-header-display":"","ast-hfb-mobile-header-display":"","site-post-title":"disabled","ast-breadcrumbs-content":"","ast-featured-img":"disabled","footer-sml-layout":"","ast-disable-related-posts":"","theme-transparent-header-meta":"default","adv-header-id-meta":"","stick-header-meta":"","header-above-stick-meta":"","header-main-stick-meta":"","header-below-stick-meta":"","astra-migrate-meta-layouts":"set","ast-page-background-enabled":"default","ast-page-background-meta":{"desktop":{"background-color":"","background-image":"","background-repeat":"repeat","background-position":"center center","background-size":"auto","background-attachment":"scroll","background-type":"","background-media":"","overlay-type":"","overlay-color":"","overlay-opacity":"","overlay-gradient":""},"tablet":{"background-color":"","background-image":"","background-repeat":"repeat","background-position":"center center","background-size":"auto","background-attachment":"scroll","background-type":"","background-media":"","overlay-type":"","overlay-color":"","overlay-opacity":"","overlay-gradient":""},"mobile":{"background-color":"","background-image":"","background-repeat":"repeat","background-position":"center center","background-size":"auto","background-attachment":"scroll","background-type":"","background-media":"","overlay-type":"","overlay-color":"","overlay-opacity":"","overlay-gradient":""}},"ast-content-background-meta":{"desktop":{"background-color":"var(--ast-global-color-5)","background-image":"","background-repeat":"repeat","background-position":"center center","background-size":"auto","background-attachment":"scroll","background-type":"","background-media":"","overlay-type":"","overlay-color":"","overlay-opacity":"","overlay-gradient":""},"tablet":{"background-color":"var(--ast-global-color-5)","background-image":"","background-repeat":"repeat","background-position":"center center","background-size":"auto","background-attachment":"scroll","background-type":"","background-media":"","overlay-type":"","overlay-color":"","overlay-opacity":"","overlay-gradient":""},"mobile":{"background-color":"var(--ast-global-color-5)","background-image":"","background-repeat":"repeat","background-position":"center center","background-size":"auto","background-attachment":"scroll","background-type":"","background-media":"","overlay-type":"","overlay-color":"","overlay-opacity":"","overlay-gradient":""}},"jetpack_publicize_message":"","jetpack_publicize_feature_enabled":true,"jetpack_social_post_already_shared":false,"jetpack_social_options":{"image_generator_settings":{"template":"highway","default_image_id":0,"font":"","enabled":false},"version":2}},"product_brand":[],"product_cat":[164],"product_tag":[169,170,166,168,161,163,171,244,162,165],"class_list":{"0":"post-2465","1":"product","2":"type-product","3":"status-publish","4":"has-post-thumbnail","6":"product_cat-kits-de-papier-diy","7":"product_tag-bricolage-fr","8":"product_tag-decoupage-fr","9":"product_tag-jouet-fr","10":"product_tag-jouet-de-papier-fr","11":"product_tag-jouet-en-papier","12":"product_tag-kirigami-fr","13":"product_tag-kit-kraft","14":"product_tag-mammouth","15":"product_tag-origami-fr","16":"product_tag-papier-fr","17":"desktop-align-left","18":"tablet-align-left","19":"mobile-align-left","21":"first","22":"instock","23":"taxable","24":"shipping-taxable","25":"purchasable","26":"product-type-simple"},"jetpack_publicize_connections":[],"jetpack_sharing_enabled":true,"jetpack_likes_enabled":true,"_links":{"self":[{"href":"https:\/\/store.hartiatoys.com\/fr\/wp-json\/wp\/v2\/product\/2465","targetHints":{"allow":["GET"]}}],"collection":[{"href":"https:\/\/store.hartiatoys.com\/fr\/wp-json\/wp\/v2\/product"}],"about":[{"href":"https:\/\/store.hartiatoys.com\/fr\/wp-json\/wp\/v2\/types\/product"}],"replies":[{"embeddable":true,"href":"https:\/\/store.hartiatoys.com\/fr\/wp-json\/wp\/v2\/comments?post=2465"}],"version-history":[{"count":2,"href":"https:\/\/store.hartiatoys.com\/fr\/wp-json\/wp\/v2\/product\/2465\/revisions"}],"predecessor-version":[{"id":2654,"href":"https:\/\/store.hartiatoys.com\/fr\/wp-json\/wp\/v2\/product\/2465\/revisions\/2654"}],"wp:featuredmedia":[{"embeddable":true,"href":"https:\/\/store.hartiatoys.com\/fr\/wp-json\/wp\/v2\/media\/2196"}],"wp:attachment":[{"href":"https:\/\/store.hartiatoys.com\/fr\/wp-json\/wp\/v2\/media?parent=2465"}],"wp:term":[{"taxonomy":"product_brand","embeddable":true,"href":"https:\/\/store.hartiatoys.com\/fr\/wp-json\/wp\/v2\/product_brand?post=2465"},{"taxonomy":"product_cat","embeddable":true,"href":"https:\/\/store.hartiatoys.com\/fr\/wp-json\/wp\/v2\/product_cat?post=2465"},{"taxonomy":"product_tag","embeddable":true,"href":"https:\/\/store.hartiatoys.com\/fr\/wp-json\/wp\/v2\/product_tag?post=2465"}],"curies":[{"name":"wp","href":"https:\/\/api.w.org\/{rel}","templated":true}]}}