{"id":2460,"date":"2020-07-17T20:27:43","date_gmt":"2020-07-18T00:27:43","guid":{"rendered":"https:\/\/store.hartiatoys.com\/product\/lampe-ovale\/"},"modified":"2023-12-02T12:53:45","modified_gmt":"2023-12-02T17:53:45","slug":"lampe-ovale","status":"publish","type":"product","link":"https:\/\/store.hartiatoys.com\/fr\/produit\/lampe-ovale\/","title":{"rendered":"Lampe &#8211; Ovale"},"content":{"rendered":"","protected":false},"excerpt":{"rendered":"<p>Cette lampe LED est pr\u00e9d\u00e9coup\u00e9e et tr\u00e8s facile \u00e0 assembler. Des lumi\u00e8res LED sont d\u00e9j\u00e0 install\u00e9es \u00e0 l&rsquo;int\u00e9rieur. Un adaptateur d&rsquo;alimentation 120V &#8211; 240V est fourni, afin que vous puissiez le brancher au mur.<\/p>\n<p>Cette lampe est disponible en deux mod\u00e8les :<\/p>\n<ul>\n<li>Lumi\u00e8res LED blanches<\/li>\n<li>Lumi\u00e8res color\u00e9es RVB avec t\u00e9l\u00e9commande (voir options suppl\u00e9mentaires)<\/li>\n<\/ul>\n<p>La lampe est livr\u00e9e \u00e0 plat et il suffit de retirer un ruban adh\u00e9sif double face pour relier les deux c\u00f4t\u00e9s de la feuille.<\/p>\n<p>Un variateur suppl\u00e9mentaire est disponible pour la lampe LED blanche (voir Options suppl\u00e9mentaires).<\/p>\n","protected":false},"featured_media":2147,"comment_status":"open","ping_status":"closed","template":"","meta":{"site-sidebar-layout":"default","site-content-layout":"","ast-site-content-layout":"default","site-content-style":"default","site-sidebar-style":"default","ast-global-header-display":"","ast-banner-title-visibility":"","ast-main-header-display":"","ast-hfb-above-header-display":"","ast-hfb-below-header-display":"","ast-hfb-mobile-header-display":"","site-post-title":"","ast-breadcrumbs-content":"","ast-featured-img":"","footer-sml-layout":"","ast-disable-related-posts":"","theme-transparent-header-meta":"","adv-header-id-meta":"","stick-header-meta":"","header-above-stick-meta":"","header-main-stick-meta":"","header-below-stick-meta":"","astra-migrate-meta-layouts":"default","ast-page-background-enabled":"default","ast-page-background-meta":{"desktop":{"background-color":"","background-image":"","background-repeat":"repeat","background-position":"center center","background-size":"auto","background-attachment":"scroll","background-type":"","background-media":"","overlay-type":"","overlay-color":"","overlay-opacity":"","overlay-gradient":""},"tablet":{"background-color":"","background-image":"","background-repeat":"repeat","background-position":"center center","background-size":"auto","background-attachment":"scroll","background-type":"","background-media":"","overlay-type":"","overlay-color":"","overlay-opacity":"","overlay-gradient":""},"mobile":{"background-color":"","background-image":"","background-repeat":"repeat","background-position":"center center","background-size":"auto","background-attachment":"scroll","background-type":"","background-media":"","overlay-type":"","overlay-color":"","overlay-opacity":"","overlay-gradient":""}},"ast-content-background-meta":{"desktop":{"background-color":"var(--ast-global-color-5)","background-image":"","background-repeat":"repeat","background-position":"center center","background-size":"auto","background-attachment":"scroll","background-type":"","background-media":"","overlay-type":"","overlay-color":"","overlay-opacity":"","overlay-gradient":""},"tablet":{"background-color":"var(--ast-global-color-5)","background-image":"","background-repeat":"repeat","background-position":"center center","background-size":"auto","background-attachment":"scroll","background-type":"","background-media":"","overlay-type":"","overlay-color":"","overlay-opacity":"","overlay-gradient":""},"mobile":{"background-color":"var(--ast-global-color-5)","background-image":"","background-repeat":"repeat","background-position":"center center","background-size":"auto","background-attachment":"scroll","background-type":"","background-media":"","overlay-type":"","overlay-color":"","overlay-opacity":"","overlay-gradient":""}},"jetpack_publicize_message":"","jetpack_publicize_feature_enabled":true,"jetpack_social_post_already_shared":false,"jetpack_social_options":{"image_generator_settings":{"template":"highway","default_image_id":0,"font":"","enabled":false},"version":2}},"product_brand":[],"product_cat":[213],"product_tag":[191,171,216,167,219],"class_list":{"0":"post-2460","1":"product","2":"type-product","3":"status-publish","4":"has-post-thumbnail","6":"product_cat-lampes-en-papier-diy","7":"product_tag-kit-de-bricolage","8":"product_tag-kit-kraft","9":"product_tag-lampe-led","10":"product_tag-papier-fr-2","11":"product_tag-spirale","12":"desktop-align-left","13":"tablet-align-left","14":"mobile-align-left","16":"first","17":"instock","18":"taxable","19":"shipping-taxable","20":"purchasable","21":"product-type-simple"},"jetpack_publicize_connections":[],"jetpack_sharing_enabled":true,"jetpack_likes_enabled":true,"_links":{"self":[{"href":"https:\/\/store.hartiatoys.com\/fr\/wp-json\/wp\/v2\/product\/2460","targetHints":{"allow":["GET"]}}],"collection":[{"href":"https:\/\/store.hartiatoys.com\/fr\/wp-json\/wp\/v2\/product"}],"about":[{"href":"https:\/\/store.hartiatoys.com\/fr\/wp-json\/wp\/v2\/types\/product"}],"replies":[{"embeddable":true,"href":"https:\/\/store.hartiatoys.com\/fr\/wp-json\/wp\/v2\/comments?post=2460"}],"version-history":[{"count":1,"href":"https:\/\/store.hartiatoys.com\/fr\/wp-json\/wp\/v2\/product\/2460\/revisions"}],"predecessor-version":[{"id":2472,"href":"https:\/\/store.hartiatoys.com\/fr\/wp-json\/wp\/v2\/product\/2460\/revisions\/2472"}],"wp:featuredmedia":[{"embeddable":true,"href":"https:\/\/store.hartiatoys.com\/fr\/wp-json\/wp\/v2\/media\/2147"}],"wp:attachment":[{"href":"https:\/\/store.hartiatoys.com\/fr\/wp-json\/wp\/v2\/media?parent=2460"}],"wp:term":[{"taxonomy":"product_brand","embeddable":true,"href":"https:\/\/store.hartiatoys.com\/fr\/wp-json\/wp\/v2\/product_brand?post=2460"},{"taxonomy":"product_cat","embeddable":true,"href":"https:\/\/store.hartiatoys.com\/fr\/wp-json\/wp\/v2\/product_cat?post=2460"},{"taxonomy":"product_tag","embeddable":true,"href":"https:\/\/store.hartiatoys.com\/fr\/wp-json\/wp\/v2\/product_tag?post=2460"}],"curies":[{"name":"wp","href":"https:\/\/api.w.org\/{rel}","templated":true}]}}