{"id":2447,"date":"2020-07-03T03:40:42","date_gmt":"2020-07-03T07:40:42","guid":{"rendered":"https:\/\/store.hartiatoys.com\/product\/hockey-sur-glace\/"},"modified":"2024-01-07T21:33:23","modified_gmt":"2024-01-08T02:33:23","slug":"hockey-sur-glace","status":"publish","type":"product","link":"https:\/\/store.hartiatoys.com\/fr\/produit\/hockey-sur-glace\/","title":{"rendered":"Hockey sur glace"},"content":{"rendered":"","protected":false},"excerpt":{"rendered":"<p>Fabriquer des jouets en papier &#8211; l&rsquo;activit\u00e9 id\u00e9ale pour s&rsquo;amuser en famille ou \u00e0 l&rsquo;\u00e9cole !<\/p>\n<p>&#8211; Kit papier \u00e0 faire soi-m\u00eame. Tout ce dont vous avez besoin, c&rsquo;est de ciseaux et d&rsquo;une r\u00e8gle.<br \/>\n&#8211; Colle et outil de rainage fournis.<br \/>\n&#8211; Livr\u00e9 avec des instructions en anglais et en fran\u00e7ais.<br \/>\n&#8211; La bo\u00eete contient tout ce qu&rsquo;il faut pour construire un mobile.<br \/>\n&#8211; Patinoire incluse.<br \/>\n&#8211; Pour les 6 \u00e0 15 ans.<\/p>\n<div>\n<p>Les enfants adorent les activit\u00e9s cr\u00e9atives ! Ils apprennent \u00e0 suivre des instructions et \u00e0 participer au travail d&rsquo;\u00e9quipe. Cette activit\u00e9 aide \u00e0 d\u00e9velopper l&rsquo;autonomie, la pens\u00e9e en 3D et la dext\u00e9rit\u00e9 de l&rsquo;enfant.<\/p>\n<p>Dimensions de la bo\u00eete : H 12,25&Prime; x L 8,75&Prime; x P 0,75&Prime;.<\/p>\n<p>Permet de construire 10 joueurs de hockey, ainsi qu&rsquo;une patinoire en papier et un mobile.<\/p>\n<\/div>\n","protected":false},"featured_media":2326,"comment_status":"open","ping_status":"closed","template":"","meta":{"site-sidebar-layout":"no-sidebar","site-content-layout":"page-builder","ast-site-content-layout":"full-width-container","site-content-style":"unboxed","site-sidebar-style":"unboxed","ast-global-header-display":"","ast-banner-title-visibility":"","ast-main-header-display":"","ast-hfb-above-header-display":"","ast-hfb-below-header-display":"","ast-hfb-mobile-header-display":"","site-post-title":"","ast-breadcrumbs-content":"","ast-featured-img":"disabled","footer-sml-layout":"","ast-disable-related-posts":"","theme-transparent-header-meta":"default","adv-header-id-meta":"","stick-header-meta":"","header-above-stick-meta":"","header-main-stick-meta":"","header-below-stick-meta":"","astra-migrate-meta-layouts":"set","ast-page-background-enabled":"default","ast-page-background-meta":{"desktop":{"background-color":"","background-image":"","background-repeat":"repeat","background-position":"center center","background-size":"auto","background-attachment":"scroll","background-type":"","background-media":"","overlay-type":"","overlay-color":"","overlay-opacity":"","overlay-gradient":""},"tablet":{"background-color":"","background-image":"","background-repeat":"repeat","background-position":"center center","background-size":"auto","background-attachment":"scroll","background-type":"","background-media":"","overlay-type":"","overlay-color":"","overlay-opacity":"","overlay-gradient":""},"mobile":{"background-color":"","background-image":"","background-repeat":"repeat","background-position":"center center","background-size":"auto","background-attachment":"scroll","background-type":"","background-media":"","overlay-type":"","overlay-color":"","overlay-opacity":"","overlay-gradient":""}},"ast-content-background-meta":{"desktop":{"background-color":"var(--ast-global-color-5)","background-image":"","background-repeat":"repeat","background-position":"center center","background-size":"auto","background-attachment":"scroll","background-type":"","background-media":"","overlay-type":"","overlay-color":"","overlay-opacity":"","overlay-gradient":""},"tablet":{"background-color":"var(--ast-global-color-5)","background-image":"","background-repeat":"repeat","background-position":"center center","background-size":"auto","background-attachment":"scroll","background-type":"","background-media":"","overlay-type":"","overlay-color":"","overlay-opacity":"","overlay-gradient":""},"mobile":{"background-color":"var(--ast-global-color-5)","background-image":"","background-repeat":"repeat","background-position":"center center","background-size":"auto","background-attachment":"scroll","background-type":"","background-media":"","overlay-type":"","overlay-color":"","overlay-opacity":"","overlay-gradient":""}},"jetpack_publicize_message":"","jetpack_publicize_feature_enabled":true,"jetpack_social_post_already_shared":false,"jetpack_social_options":{"image_generator_settings":{"template":"highway","default_image_id":0,"font":"","enabled":false},"version":2}},"product_brand":[],"product_cat":[164],"product_tag":[234,236,230,161,231,237,232,233,165,167,235],"class_list":{"0":"post-2447","1":"product","2":"type-product","3":"status-publish","4":"has-post-thumbnail","6":"product_cat-kits-de-papier-diy","7":"product_tag-arene","8":"product_tag-defenseurs","9":"product_tag-hockey-fr","10":"product_tag-jouet-en-papier","11":"product_tag-joueur-de-hockey","12":"product_tag-juges-de-ligne","13":"product_tag-objectifs","14":"product_tag-palet","15":"product_tag-papier-fr","16":"product_tag-papier-fr-2","17":"product_tag-patinoire","18":"desktop-align-left","19":"tablet-align-left","20":"mobile-align-left","22":"first","23":"instock","24":"taxable","25":"shipping-taxable","26":"purchasable","27":"product-type-simple"},"jetpack_publicize_connections":[],"jetpack_sharing_enabled":true,"jetpack_likes_enabled":true,"_links":{"self":[{"href":"https:\/\/store.hartiatoys.com\/fr\/wp-json\/wp\/v2\/product\/2447","targetHints":{"allow":["GET"]}}],"collection":[{"href":"https:\/\/store.hartiatoys.com\/fr\/wp-json\/wp\/v2\/product"}],"about":[{"href":"https:\/\/store.hartiatoys.com\/fr\/wp-json\/wp\/v2\/types\/product"}],"replies":[{"embeddable":true,"href":"https:\/\/store.hartiatoys.com\/fr\/wp-json\/wp\/v2\/comments?post=2447"}],"version-history":[{"count":3,"href":"https:\/\/store.hartiatoys.com\/fr\/wp-json\/wp\/v2\/product\/2447\/revisions"}],"predecessor-version":[{"id":2669,"href":"https:\/\/store.hartiatoys.com\/fr\/wp-json\/wp\/v2\/product\/2447\/revisions\/2669"}],"wp:featuredmedia":[{"embeddable":true,"href":"https:\/\/store.hartiatoys.com\/fr\/wp-json\/wp\/v2\/media\/2326"}],"wp:attachment":[{"href":"https:\/\/store.hartiatoys.com\/fr\/wp-json\/wp\/v2\/media?parent=2447"}],"wp:term":[{"taxonomy":"product_brand","embeddable":true,"href":"https:\/\/store.hartiatoys.com\/fr\/wp-json\/wp\/v2\/product_brand?post=2447"},{"taxonomy":"product_cat","embeddable":true,"href":"https:\/\/store.hartiatoys.com\/fr\/wp-json\/wp\/v2\/product_cat?post=2447"},{"taxonomy":"product_tag","embeddable":true,"href":"https:\/\/store.hartiatoys.com\/fr\/wp-json\/wp\/v2\/product_tag?post=2447"}],"curies":[{"name":"wp","href":"https:\/\/api.w.org\/{rel}","templated":true}]}}