{"id":2441,"date":"2020-07-09T21:06:49","date_gmt":"2020-07-10T01:06:49","guid":{"rendered":"https:\/\/store.hartiatoys.com\/product\/cartes-postales-dinosaures\/"},"modified":"2025-01-15T11:59:20","modified_gmt":"2025-01-15T16:59:20","slug":"cartes-postales-dinosaures","status":"publish","type":"product","link":"https:\/\/store.hartiatoys.com\/fr\/produit\/cartes-postales-dinosaures\/","title":{"rendered":"Cartes postales &#8211; Dinosaures"},"content":{"rendered":"","protected":false},"excerpt":{"rendered":"<p>Le set contient 12 cartes postales diff\u00e9rentes, \u00e0 la fois mignonnes, amusantes et \u00e9ducatives !<\/p>\n<p>Envoyez une carte postale Hartiatoys\u00ae et le destinataire pourra la transformer en jouet en papier.<\/p>\n","protected":false},"featured_media":2054,"comment_status":"open","ping_status":"closed","template":"","meta":{"site-sidebar-layout":"default","site-content-layout":"","ast-site-content-layout":"default","site-content-style":"default","site-sidebar-style":"default","ast-global-header-display":"","ast-banner-title-visibility":"","ast-main-header-display":"","ast-hfb-above-header-display":"","ast-hfb-below-header-display":"","ast-hfb-mobile-header-display":"","site-post-title":"","ast-breadcrumbs-content":"","ast-featured-img":"","footer-sml-layout":"","ast-disable-related-posts":"","theme-transparent-header-meta":"","adv-header-id-meta":"","stick-header-meta":"","header-above-stick-meta":"","header-main-stick-meta":"","header-below-stick-meta":"","astra-migrate-meta-layouts":"set","ast-page-background-enabled":"default","ast-page-background-meta":{"desktop":{"background-color":"","background-image":"","background-repeat":"repeat","background-position":"center center","background-size":"auto","background-attachment":"scroll","background-type":"","background-media":"","overlay-type":"","overlay-color":"","overlay-opacity":"","overlay-gradient":""},"tablet":{"background-color":"","background-image":"","background-repeat":"repeat","background-position":"center center","background-size":"auto","background-attachment":"scroll","background-type":"","background-media":"","overlay-type":"","overlay-color":"","overlay-opacity":"","overlay-gradient":""},"mobile":{"background-color":"","background-image":"","background-repeat":"repeat","background-position":"center center","background-size":"auto","background-attachment":"scroll","background-type":"","background-media":"","overlay-type":"","overlay-color":"","overlay-opacity":"","overlay-gradient":""}},"ast-content-background-meta":{"desktop":{"background-color":"var(--ast-global-color-5)","background-image":"","background-repeat":"repeat","background-position":"center center","background-size":"auto","background-attachment":"scroll","background-type":"","background-media":"","overlay-type":"","overlay-color":"","overlay-opacity":"","overlay-gradient":""},"tablet":{"background-color":"var(--ast-global-color-5)","background-image":"","background-repeat":"repeat","background-position":"center center","background-size":"auto","background-attachment":"scroll","background-type":"","background-media":"","overlay-type":"","overlay-color":"","overlay-opacity":"","overlay-gradient":""},"mobile":{"background-color":"var(--ast-global-color-5)","background-image":"","background-repeat":"repeat","background-position":"center center","background-size":"auto","background-attachment":"scroll","background-type":"","background-media":"","overlay-type":"","overlay-color":"","overlay-opacity":"","overlay-gradient":""}},"jetpack_publicize_message":"","jetpack_publicize_feature_enabled":true,"jetpack_social_post_already_shared":false,"jetpack_social_options":{"image_generator_settings":{"template":"highway","default_image_id":0,"font":"","enabled":false},"version":2}},"product_brand":[],"product_cat":[215],"product_tag":[218,181,161,163,171,162],"class_list":{"0":"post-2441","1":"product","2":"type-product","3":"status-publish","4":"has-post-thumbnail","6":"product_cat-kits-de-cartes-postales","7":"product_tag-carte-postale","8":"product_tag-dinosaures","9":"product_tag-jouet-en-papier","10":"product_tag-kirigami-fr","11":"product_tag-kit-kraft","12":"product_tag-origami-fr","13":"desktop-align-left","14":"tablet-align-left","15":"mobile-align-left","17":"first","18":"instock","19":"taxable","20":"shipping-taxable","21":"purchasable","22":"product-type-simple"},"jetpack_publicize_connections":[],"jetpack_sharing_enabled":true,"jetpack_likes_enabled":true,"_links":{"self":[{"href":"https:\/\/store.hartiatoys.com\/fr\/wp-json\/wp\/v2\/product\/2441","targetHints":{"allow":["GET"]}}],"collection":[{"href":"https:\/\/store.hartiatoys.com\/fr\/wp-json\/wp\/v2\/product"}],"about":[{"href":"https:\/\/store.hartiatoys.com\/fr\/wp-json\/wp\/v2\/types\/product"}],"replies":[{"embeddable":true,"href":"https:\/\/store.hartiatoys.com\/fr\/wp-json\/wp\/v2\/comments?post=2441"}],"version-history":[{"count":2,"href":"https:\/\/store.hartiatoys.com\/fr\/wp-json\/wp\/v2\/product\/2441\/revisions"}],"predecessor-version":[{"id":3512,"href":"https:\/\/store.hartiatoys.com\/fr\/wp-json\/wp\/v2\/product\/2441\/revisions\/3512"}],"wp:featuredmedia":[{"embeddable":true,"href":"https:\/\/store.hartiatoys.com\/fr\/wp-json\/wp\/v2\/media\/2054"}],"wp:attachment":[{"href":"https:\/\/store.hartiatoys.com\/fr\/wp-json\/wp\/v2\/media?parent=2441"}],"wp:term":[{"taxonomy":"product_brand","embeddable":true,"href":"https:\/\/store.hartiatoys.com\/fr\/wp-json\/wp\/v2\/product_brand?post=2441"},{"taxonomy":"product_cat","embeddable":true,"href":"https:\/\/store.hartiatoys.com\/fr\/wp-json\/wp\/v2\/product_cat?post=2441"},{"taxonomy":"product_tag","embeddable":true,"href":"https:\/\/store.hartiatoys.com\/fr\/wp-json\/wp\/v2\/product_tag?post=2441"}],"curies":[{"name":"wp","href":"https:\/\/api.w.org\/{rel}","templated":true}]}}