{"id":2427,"date":"2020-07-02T23:32:54","date_gmt":"2020-07-03T03:32:54","guid":{"rendered":"https:\/\/store.hartiatoys.com\/product\/fruits-en-papier\/"},"modified":"2024-02-09T13:49:27","modified_gmt":"2024-02-09T18:49:27","slug":"fruits-en-papier","status":"publish","type":"product","link":"https:\/\/store.hartiatoys.com\/fr\/produit\/fruits-en-papier\/","title":{"rendered":"Fruits en papier"},"content":{"rendered":"","protected":false},"excerpt":{"rendered":"<p>Ces fruits sont tr\u00e8s faciles \u00e0 assembler &#8211; il suffit d&rsquo;une paire de ciseaux et de colle. C&rsquo;est l&rsquo;activit\u00e9 id\u00e9ale pour les vacances d&rsquo;hiver. Les enfants apprendront tout en s&rsquo;amusant et auront un beau r\u00e9sultat \u00e0 montrer \u00e0 leurs amis.<\/p>\n<p>Une feuille suppl\u00e9mentaire permet de construire un mobile. Certains fruits font partie du mobile, tandis que d&rsquo;autres peuvent \u00eatre utilis\u00e9s comme d\u00e9coration.<\/p>\n<p>Cette activit\u00e9 de bricolage en papier peut \u00eatre r\u00e9alis\u00e9e en groupe ou seul (les jeunes enfants doivent \u00eatre accompagn\u00e9s d&rsquo;un adulte). Le temps n\u00e9cessaire \u00e0 la fabrication de chaque article est d&rsquo;environ 15 minutes.<\/p>\n<p>Notre entreprise, Hartiatoys, utilise du papier provenant de for\u00eats g\u00e9r\u00e9es durablement (Sustainable Forestry Initiative\u00ae).<\/p>\n<p>Contenu de la bo\u00eete :<\/p>\n<p>&#8211; 10 feuilles de papier cartonn\u00e9, permettant de construire des jouets durables<br \/>\n&#8211; guide d&rsquo;instructions avec illustrations, facile \u00e0 comprendre<br \/>\n&#8211; outil de rainage inclus, pour faciliter le pliage<br \/>\n&#8211; fil et feuille suppl\u00e9mentaire pour la construction d&rsquo;un mobile<br \/>\n&#8211; colle fournie.<\/p>\n","protected":false},"featured_media":1949,"comment_status":"open","ping_status":"closed","template":"","meta":{"site-sidebar-layout":"no-sidebar","site-content-layout":"page-builder","ast-site-content-layout":"default","site-content-style":"default","site-sidebar-style":"default","ast-global-header-display":"","ast-banner-title-visibility":"","ast-main-header-display":"","ast-hfb-above-header-display":"","ast-hfb-below-header-display":"","ast-hfb-mobile-header-display":"","site-post-title":"disabled","ast-breadcrumbs-content":"","ast-featured-img":"disabled","footer-sml-layout":"","ast-disable-related-posts":"","theme-transparent-header-meta":"default","adv-header-id-meta":"","stick-header-meta":"","header-above-stick-meta":"","header-main-stick-meta":"","header-below-stick-meta":"","astra-migrate-meta-layouts":"set","ast-page-background-enabled":"default","ast-page-background-meta":{"desktop":{"background-color":"","background-image":"","background-repeat":"repeat","background-position":"center center","background-size":"auto","background-attachment":"scroll","background-type":"","background-media":"","overlay-type":"","overlay-color":"","overlay-opacity":"","overlay-gradient":""},"tablet":{"background-color":"","background-image":"","background-repeat":"repeat","background-position":"center center","background-size":"auto","background-attachment":"scroll","background-type":"","background-media":"","overlay-type":"","overlay-color":"","overlay-opacity":"","overlay-gradient":""},"mobile":{"background-color":"","background-image":"","background-repeat":"repeat","background-position":"center center","background-size":"auto","background-attachment":"scroll","background-type":"","background-media":"","overlay-type":"","overlay-color":"","overlay-opacity":"","overlay-gradient":""}},"ast-content-background-meta":{"desktop":{"background-color":"var(--ast-global-color-5)","background-image":"","background-repeat":"repeat","background-position":"center center","background-size":"auto","background-attachment":"scroll","background-type":"","background-media":"","overlay-type":"","overlay-color":"","overlay-opacity":"","overlay-gradient":""},"tablet":{"background-color":"var(--ast-global-color-5)","background-image":"","background-repeat":"repeat","background-position":"center center","background-size":"auto","background-attachment":"scroll","background-type":"","background-media":"","overlay-type":"","overlay-color":"","overlay-opacity":"","overlay-gradient":""},"mobile":{"background-color":"var(--ast-global-color-5)","background-image":"","background-repeat":"repeat","background-position":"center center","background-size":"auto","background-attachment":"scroll","background-type":"","background-media":"","overlay-type":"","overlay-color":"","overlay-opacity":"","overlay-gradient":""}},"jetpack_publicize_message":"","jetpack_publicize_feature_enabled":true,"jetpack_social_post_already_shared":false,"jetpack_social_options":{"image_generator_settings":{"template":"highway","default_image_id":0,"font":"","enabled":false},"version":2}},"product_brand":[],"product_cat":[164],"product_tag":[207,169,209,205,166,168,161,171,210,162,165,206,208],"class_list":{"0":"post-2427","1":"product","2":"type-product","3":"status-publish","4":"has-post-thumbnail","6":"product_cat-kits-de-papier-diy","7":"product_tag-ananas-fr","8":"product_tag-bricolage-fr","9":"product_tag-cedrat","10":"product_tag-fruits-fr","11":"product_tag-jouet-fr","12":"product_tag-jouet-de-papier-fr","13":"product_tag-jouet-en-papier","14":"product_tag-kit-kraft","15":"product_tag-orange-fr","16":"product_tag-origami-fr","17":"product_tag-papier-fr","18":"product_tag-pomme-fr","19":"product_tag-pomme-fr-2","20":"desktop-align-left","21":"tablet-align-left","22":"mobile-align-left","24":"first","25":"instock","26":"taxable","27":"shipping-taxable","28":"purchasable","29":"product-type-simple"},"jetpack_publicize_connections":[],"jetpack_sharing_enabled":true,"jetpack_likes_enabled":true,"_links":{"self":[{"href":"https:\/\/store.hartiatoys.com\/fr\/wp-json\/wp\/v2\/product\/2427","targetHints":{"allow":["GET"]}}],"collection":[{"href":"https:\/\/store.hartiatoys.com\/fr\/wp-json\/wp\/v2\/product"}],"about":[{"href":"https:\/\/store.hartiatoys.com\/fr\/wp-json\/wp\/v2\/types\/product"}],"replies":[{"embeddable":true,"href":"https:\/\/store.hartiatoys.com\/fr\/wp-json\/wp\/v2\/comments?post=2427"}],"version-history":[{"count":3,"href":"https:\/\/store.hartiatoys.com\/fr\/wp-json\/wp\/v2\/product\/2427\/revisions"}],"predecessor-version":[{"id":2671,"href":"https:\/\/store.hartiatoys.com\/fr\/wp-json\/wp\/v2\/product\/2427\/revisions\/2671"}],"wp:featuredmedia":[{"embeddable":true,"href":"https:\/\/store.hartiatoys.com\/fr\/wp-json\/wp\/v2\/media\/1949"}],"wp:attachment":[{"href":"https:\/\/store.hartiatoys.com\/fr\/wp-json\/wp\/v2\/media?parent=2427"}],"wp:term":[{"taxonomy":"product_brand","embeddable":true,"href":"https:\/\/store.hartiatoys.com\/fr\/wp-json\/wp\/v2\/product_brand?post=2427"},{"taxonomy":"product_cat","embeddable":true,"href":"https:\/\/store.hartiatoys.com\/fr\/wp-json\/wp\/v2\/product_cat?post=2427"},{"taxonomy":"product_tag","embeddable":true,"href":"https:\/\/store.hartiatoys.com\/fr\/wp-json\/wp\/v2\/product_tag?post=2427"}],"curies":[{"name":"wp","href":"https:\/\/api.w.org\/{rel}","templated":true}]}}