{"id":2422,"date":"2021-05-12T16:19:47","date_gmt":"2021-05-12T20:19:47","guid":{"rendered":"https:\/\/store.hartiatoys.com\/product\/far-west\/"},"modified":"2025-01-27T16:00:49","modified_gmt":"2025-01-27T21:00:49","slug":"far-west","status":"publish","type":"product","link":"https:\/\/store.hartiatoys.com\/fr\/produit\/far-west\/","title":{"rendered":"Far West"},"content":{"rendered":"","protected":false},"excerpt":{"rendered":"<p>Fabriquer des jouets en papier &#8211; l&rsquo;activit\u00e9 id\u00e9ale pour s&rsquo;amuser en famille ou \u00e0 l&rsquo;\u00e9cole !<\/p>\n<p>&#8211; Kit papier \u00e0 faire soi-m\u00eame. Tout ce dont vous avez besoin, c&rsquo;est de ciseaux et d&rsquo;une r\u00e8gle.<br \/>\n&#8211; Colle et outil de rainage fournis.<br \/>\n&#8211; Livr\u00e9 avec des instructions en anglais et en fran\u00e7ais.<br \/>\n&#8211; Pour les 7 \u00e0 15 ans.<br \/>\n&#8211; Terrain de jeux fourni.<\/p>\n<p>Les enfants adorent les activit\u00e9s cr\u00e9atives ! Les enfants apprennent \u00e0 suivre des instructions et \u00e0 participer au travail d&rsquo;\u00e9quipe. Cette activit\u00e9 aide \u00e0 d\u00e9velopper l&rsquo;autonomie, la pens\u00e9e en 3D et la dext\u00e9rit\u00e9 de l&rsquo;enfant.<\/p>\n","protected":false},"featured_media":2246,"comment_status":"open","ping_status":"closed","template":"","meta":{"site-sidebar-layout":"default","site-content-layout":"default","ast-site-content-layout":"default","site-content-style":"default","site-sidebar-style":"default","ast-global-header-display":"","ast-banner-title-visibility":"","ast-main-header-display":"","ast-hfb-above-header-display":"","ast-hfb-below-header-display":"","ast-hfb-mobile-header-display":"","site-post-title":"","ast-breadcrumbs-content":"","ast-featured-img":"","footer-sml-layout":"","ast-disable-related-posts":"","theme-transparent-header-meta":"default","adv-header-id-meta":"","stick-header-meta":"","header-above-stick-meta":"","header-main-stick-meta":"","header-below-stick-meta":"","astra-migrate-meta-layouts":"set","ast-page-background-enabled":"default","ast-page-background-meta":{"desktop":{"background-color":"","background-image":"","background-repeat":"repeat","background-position":"center center","background-size":"auto","background-attachment":"scroll","background-type":"","background-media":"","overlay-type":"","overlay-color":"","overlay-opacity":"","overlay-gradient":""},"tablet":{"background-color":"","background-image":"","background-repeat":"repeat","background-position":"center center","background-size":"auto","background-attachment":"scroll","background-type":"","background-media":"","overlay-type":"","overlay-color":"","overlay-opacity":"","overlay-gradient":""},"mobile":{"background-color":"","background-image":"","background-repeat":"repeat","background-position":"center center","background-size":"auto","background-attachment":"scroll","background-type":"","background-media":"","overlay-type":"","overlay-color":"","overlay-opacity":"","overlay-gradient":""}},"ast-content-background-meta":{"desktop":{"background-color":"var(--ast-global-color-5)","background-image":"","background-repeat":"repeat","background-position":"center center","background-size":"auto","background-attachment":"scroll","background-type":"","background-media":"","overlay-type":"","overlay-color":"","overlay-opacity":"","overlay-gradient":""},"tablet":{"background-color":"var(--ast-global-color-5)","background-image":"","background-repeat":"repeat","background-position":"center center","background-size":"auto","background-attachment":"scroll","background-type":"","background-media":"","overlay-type":"","overlay-color":"","overlay-opacity":"","overlay-gradient":""},"mobile":{"background-color":"var(--ast-global-color-5)","background-image":"","background-repeat":"repeat","background-position":"center center","background-size":"auto","background-attachment":"scroll","background-type":"","background-media":"","overlay-type":"","overlay-color":"","overlay-opacity":"","overlay-gradient":""}},"jetpack_publicize_message":"","jetpack_publicize_feature_enabled":true,"jetpack_social_post_already_shared":false,"jetpack_social_options":{"image_generator_settings":{"template":"highway","default_image_id":0,"font":"","enabled":false},"version":2}},"product_brand":[],"product_cat":[164],"product_tag":[204,169,199,170,202,166,168,161,163,171,203,162,165,201],"class_list":{"0":"post-2422","1":"product","2":"type-product","3":"status-publish","4":"has-post-thumbnail","6":"product_cat-kits-de-papier-diy","7":"product_tag-bison-fr","8":"product_tag-bricolage-fr","9":"product_tag-cow-boy","10":"product_tag-decoupage-fr","11":"product_tag-extreme-ouest","12":"product_tag-jouet-fr","13":"product_tag-jouet-de-papier-fr","14":"product_tag-jouet-en-papier","15":"product_tag-kirigami-fr","16":"product_tag-kit-kraft","17":"product_tag-natif","18":"product_tag-origami-fr","19":"product_tag-papier-fr","20":"product_tag-sherif","21":"desktop-align-left","22":"tablet-align-left","23":"mobile-align-left","25":"first","26":"instock","27":"taxable","28":"shipping-taxable","29":"purchasable","30":"product-type-simple"},"jetpack_publicize_connections":[],"jetpack_sharing_enabled":true,"jetpack_likes_enabled":true,"_links":{"self":[{"href":"https:\/\/store.hartiatoys.com\/fr\/wp-json\/wp\/v2\/product\/2422","targetHints":{"allow":["GET"]}}],"collection":[{"href":"https:\/\/store.hartiatoys.com\/fr\/wp-json\/wp\/v2\/product"}],"about":[{"href":"https:\/\/store.hartiatoys.com\/fr\/wp-json\/wp\/v2\/types\/product"}],"replies":[{"embeddable":true,"href":"https:\/\/store.hartiatoys.com\/fr\/wp-json\/wp\/v2\/comments?post=2422"}],"version-history":[{"count":2,"href":"https:\/\/store.hartiatoys.com\/fr\/wp-json\/wp\/v2\/product\/2422\/revisions"}],"predecessor-version":[{"id":2647,"href":"https:\/\/store.hartiatoys.com\/fr\/wp-json\/wp\/v2\/product\/2422\/revisions\/2647"}],"wp:featuredmedia":[{"embeddable":true,"href":"https:\/\/store.hartiatoys.com\/fr\/wp-json\/wp\/v2\/media\/2246"}],"wp:attachment":[{"href":"https:\/\/store.hartiatoys.com\/fr\/wp-json\/wp\/v2\/media?parent=2422"}],"wp:term":[{"taxonomy":"product_brand","embeddable":true,"href":"https:\/\/store.hartiatoys.com\/fr\/wp-json\/wp\/v2\/product_brand?post=2422"},{"taxonomy":"product_cat","embeddable":true,"href":"https:\/\/store.hartiatoys.com\/fr\/wp-json\/wp\/v2\/product_cat?post=2422"},{"taxonomy":"product_tag","embeddable":true,"href":"https:\/\/store.hartiatoys.com\/fr\/wp-json\/wp\/v2\/product_tag?post=2422"}],"curies":[{"name":"wp","href":"https:\/\/api.w.org\/{rel}","templated":true}]}}