{"id":2389,"date":"2020-07-02T23:03:56","date_gmt":"2020-07-03T03:03:56","guid":{"rendered":"https:\/\/store.hartiatoys.com\/a-propos-de-nous\/"},"modified":"2025-01-15T17:12:47","modified_gmt":"2025-01-15T22:12:47","slug":"a-propos-de-nous","status":"publish","type":"page","link":"https:\/\/store.hartiatoys.com\/fr\/a-propos-de-nous\/","title":{"rendered":"\u00c0 PROPOS DE NOUS"},"content":{"rendered":"\t\t<div data-elementor-type=\"wp-page\" data-elementor-id=\"2389\" class=\"elementor elementor-2389 elementor-16\" data-elementor-post-type=\"page\">\n\t\t\t\t\t\t<section class=\"elementor-section elementor-top-section elementor-element elementor-element-f89d3a7 elementor-section-stretched elementor-section-boxed elementor-section-height-default elementor-section-height-default\" data-id=\"f89d3a7\" data-element_type=\"section\" data-e-type=\"section\" data-settings=\"{&quot;stretch_section&quot;:&quot;section-stretched&quot;}\">\n\t\t\t\t\t\t<div class=\"elementor-container elementor-column-gap-default\">\n\t\t\t\t\t<div class=\"elementor-column elementor-col-100 elementor-top-column elementor-element elementor-element-1c13a99\" data-id=\"1c13a99\" data-element_type=\"column\" data-e-type=\"column\">\n\t\t\t<div class=\"elementor-widget-wrap elementor-element-populated\">\n\t\t\t\t\t\t<section class=\"elementor-section elementor-inner-section elementor-element elementor-element-0f212b3 elementor-section-boxed elementor-section-height-default elementor-section-height-default\" data-id=\"0f212b3\" data-element_type=\"section\" data-e-type=\"section\">\n\t\t\t\t\t\t<div class=\"elementor-container elementor-column-gap-default\">\n\t\t\t\t\t<div class=\"elementor-column elementor-col-50 elementor-inner-column elementor-element elementor-element-49a1201\" data-id=\"49a1201\" data-element_type=\"column\" data-e-type=\"column\">\n\t\t\t<div class=\"elementor-widget-wrap elementor-element-populated\">\n\t\t\t\t\t\t<div class=\"elementor-element elementor-element-8de3f9f elementor-widget elementor-widget-image\" data-id=\"8de3f9f\" data-element_type=\"widget\" data-e-type=\"widget\" data-widget_type=\"image.default\">\n\t\t\t\t<div class=\"elementor-widget-container\">\n\t\t\t\t\t\t\t\t\t\t\t\t\t\t\t<img decoding=\"async\" width=\"150\" height=\"150\" src=\"https:\/\/i0.wp.com\/store.hartiatoys.com\/wp-content\/uploads\/2021\/06\/C8F7767F-7885-45BE-A591-DE165F55965C_1_105_c.jpeg?resize=150%2C150&amp;ssl=1\" class=\"attachment-thumbnail size-thumbnail wp-image-2290\" alt=\"\" srcset=\"https:\/\/i0.wp.com\/store.hartiatoys.com\/wp-content\/uploads\/2021\/06\/C8F7767F-7885-45BE-A591-DE165F55965C_1_105_c.jpeg?w=886&amp;ssl=1 886w, https:\/\/i0.wp.com\/store.hartiatoys.com\/wp-content\/uploads\/2021\/06\/C8F7767F-7885-45BE-A591-DE165F55965C_1_105_c.jpeg?resize=400%2C400&amp;ssl=1 400w, https:\/\/i0.wp.com\/store.hartiatoys.com\/wp-content\/uploads\/2021\/06\/C8F7767F-7885-45BE-A591-DE165F55965C_1_105_c.jpeg?resize=100%2C100&amp;ssl=1 100w, https:\/\/i0.wp.com\/store.hartiatoys.com\/wp-content\/uploads\/2021\/06\/C8F7767F-7885-45BE-A591-DE165F55965C_1_105_c.jpeg?resize=800%2C800&amp;ssl=1 800w, https:\/\/i0.wp.com\/store.hartiatoys.com\/wp-content\/uploads\/2021\/06\/C8F7767F-7885-45BE-A591-DE165F55965C_1_105_c.jpeg?resize=150%2C150&amp;ssl=1 150w, https:\/\/i0.wp.com\/store.hartiatoys.com\/wp-content\/uploads\/2021\/06\/C8F7767F-7885-45BE-A591-DE165F55965C_1_105_c.jpeg?resize=300%2C300&amp;ssl=1 300w, https:\/\/i0.wp.com\/store.hartiatoys.com\/wp-content\/uploads\/2021\/06\/C8F7767F-7885-45BE-A591-DE165F55965C_1_105_c.jpeg?resize=768%2C768&amp;ssl=1 768w\" sizes=\"(max-width: 150px) 100vw, 150px\" \/>\t\t\t\t\t\t\t\t\t\t\t\t\t\t\t<\/div>\n\t\t\t\t<\/div>\n\t\t\t\t\t<\/div>\n\t\t<\/div>\n\t\t\t\t<div class=\"elementor-column elementor-col-50 elementor-inner-column elementor-element elementor-element-0809749\" data-id=\"0809749\" data-element_type=\"column\" data-e-type=\"column\">\n\t\t\t<div class=\"elementor-widget-wrap elementor-element-populated\">\n\t\t\t\t\t\t<div class=\"elementor-element elementor-element-7f44407 elementor-widget elementor-widget-text-editor\" data-id=\"7f44407\" data-element_type=\"widget\" data-e-type=\"widget\" data-widget_type=\"text-editor.default\">\n\t\t\t\t<div class=\"elementor-widget-container\">\n\t\t\t\t\t\t\t\t\t<p class=\"p1\"><strong>Atanas Mihaltchev<\/strong><\/p>\n<p class=\"p1\">Je suis n\u00e9e \u00e0 Sofia, en Bulgarie, et j&rsquo;ai termin\u00e9 l&rsquo;Acad\u00e9mie des arts appliqu\u00e9s de Prague, en R\u00e9publique tch\u00e8que, en 1980. Ma sp\u00e9cialit\u00e9 est l&rsquo;illustration et le design.  <\/p>\n<p class=\"p1\">Le papier est le principal support que j&rsquo;utilise pour cr\u00e9er mes sculptures. La transformation d&rsquo;une feuille de papier plate en un objet tridimensionnel m&rsquo;a toujours fascin\u00e9 et a toujours \u00e9t\u00e9 la motivation principale de mon exploration. La nature \u00e9ph\u00e9m\u00e8re, fragile et d\u00e9licate du papier contraste avec sa durabilit\u00e9, sa solidit\u00e9 et sa monumentalit\u00e9, qui sont toutes des exigences essentielles de la sculpture. Le paradoxe entre force et vuln\u00e9rabilit\u00e9 est un domaine qui intriguera toujours les \u00eatres cr\u00e9atifs.  <\/p>\n<p class=\"p1\">L&rsquo;une de mes principales sources d&rsquo;inspiration, outre la nature, sont les sculptures d&rsquo;Alexandre Calder. Lui aussi utilisait des feuilles de carton pour concevoir ses mod\u00e8les originaux, confirmant ainsi l&rsquo;\u00e9ternelle recherche des dichotomies de la vie.<\/p>\n\t\t\t\t\t\t\t\t<\/div>\n\t\t\t\t<\/div>\n\t\t\t\t\t<\/div>\n\t\t<\/div>\n\t\t\t\t\t<\/div>\n\t\t<\/section>\n\t\t\t\t<section class=\"elementor-section elementor-inner-section elementor-element elementor-element-e0d0689 elementor-section-boxed elementor-section-height-default elementor-section-height-default\" data-id=\"e0d0689\" data-element_type=\"section\" data-e-type=\"section\">\n\t\t\t\t\t\t<div class=\"elementor-container elementor-column-gap-default\">\n\t\t\t\t\t<div class=\"elementor-column elementor-col-50 elementor-inner-column elementor-element elementor-element-790b038\" data-id=\"790b038\" data-element_type=\"column\" data-e-type=\"column\">\n\t\t\t<div class=\"elementor-widget-wrap elementor-element-populated\">\n\t\t\t\t\t\t<div class=\"elementor-element elementor-element-d8dcea8 elementor-widget elementor-widget-image\" data-id=\"d8dcea8\" data-element_type=\"widget\" data-e-type=\"widget\" data-widget_type=\"image.default\">\n\t\t\t\t<div class=\"elementor-widget-container\">\n\t\t\t\t\t\t\t\t\t\t\t\t\t\t\t<img decoding=\"async\" width=\"150\" height=\"150\" src=\"https:\/\/i0.wp.com\/store.hartiatoys.com\/wp-content\/uploads\/2021\/03\/maria04-e1623788849339.jpg?resize=150%2C150&amp;ssl=1\" class=\"attachment-thumbnail size-thumbnail wp-image-2195\" alt=\"\" srcset=\"https:\/\/i0.wp.com\/store.hartiatoys.com\/wp-content\/uploads\/2021\/03\/maria04-e1623788849339.jpg?resize=400%2C400&amp;ssl=1 400w, https:\/\/i0.wp.com\/store.hartiatoys.com\/wp-content\/uploads\/2021\/03\/maria04-e1623788849339.jpg?resize=100%2C100&amp;ssl=1 100w, https:\/\/i0.wp.com\/store.hartiatoys.com\/wp-content\/uploads\/2021\/03\/maria04-e1623788849339.jpg?resize=150%2C150&amp;ssl=1 150w, https:\/\/i0.wp.com\/store.hartiatoys.com\/wp-content\/uploads\/2021\/03\/maria04-e1623788849339.jpg?resize=300%2C300&amp;ssl=1 300w, https:\/\/i0.wp.com\/store.hartiatoys.com\/wp-content\/uploads\/2021\/03\/maria04-e1623788849339.jpg?zoom=3&amp;resize=150%2C150&amp;ssl=1 450w\" sizes=\"(max-width: 150px) 100vw, 150px\" \/>\t\t\t\t\t\t\t\t\t\t\t\t\t\t\t<\/div>\n\t\t\t\t<\/div>\n\t\t\t\t\t<\/div>\n\t\t<\/div>\n\t\t\t\t<div class=\"elementor-column elementor-col-50 elementor-inner-column elementor-element elementor-element-b6aaf42\" data-id=\"b6aaf42\" data-element_type=\"column\" data-e-type=\"column\">\n\t\t\t<div class=\"elementor-widget-wrap elementor-element-populated\">\n\t\t\t\t\t\t<div class=\"elementor-element elementor-element-f39f193 elementor-widget elementor-widget-text-editor\" data-id=\"f39f193\" data-element_type=\"widget\" data-e-type=\"widget\" data-widget_type=\"text-editor.default\">\n\t\t\t\t<div class=\"elementor-widget-container\">\n\t\t\t\t\t\t\t\t\t<p><strong>Maria Valkova<\/strong><\/p>\n<p>N\u00e9 \u00e0 Bourgas, en Bulgarie, il vit au Canada depuis 25 ans. Elle est titulaire d&rsquo;un MBA de l&rsquo;Universit\u00e9 de Montr\u00e9al &#8211; HEC.<\/p>\n\t\t\t\t\t\t\t\t<\/div>\n\t\t\t\t<\/div>\n\t\t\t\t\t<\/div>\n\t\t<\/div>\n\t\t\t\t\t<\/div>\n\t\t<\/section>\n\t\t\t\t<section class=\"elementor-section elementor-inner-section elementor-element elementor-element-04f020e elementor-section-boxed elementor-section-height-default elementor-section-height-default\" data-id=\"04f020e\" data-element_type=\"section\" data-e-type=\"section\">\n\t\t\t\t\t\t<div class=\"elementor-container elementor-column-gap-default\">\n\t\t\t\t\t<div class=\"elementor-column elementor-col-50 elementor-inner-column elementor-element elementor-element-6682359\" data-id=\"6682359\" data-element_type=\"column\" data-e-type=\"column\">\n\t\t\t<div class=\"elementor-widget-wrap elementor-element-populated\">\n\t\t\t\t\t\t<div class=\"elementor-element elementor-element-d2ad316 elementor-widget elementor-widget-image\" data-id=\"d2ad316\" data-element_type=\"widget\" data-e-type=\"widget\" data-widget_type=\"image.default\">\n\t\t\t\t<div class=\"elementor-widget-container\">\n\t\t\t\t\t\t\t\t\t\t\t\t\t\t\t<img decoding=\"async\" width=\"150\" height=\"150\" src=\"https:\/\/i0.wp.com\/store.hartiatoys.com\/wp-content\/uploads\/2021\/06\/FR_HT_GoDaddy.png?resize=150%2C150&amp;ssl=1\" class=\"attachment-thumbnail size-thumbnail wp-image-2289\" alt=\"\" srcset=\"https:\/\/i0.wp.com\/store.hartiatoys.com\/wp-content\/uploads\/2021\/06\/FR_HT_GoDaddy.png?w=1793&amp;ssl=1 1793w, https:\/\/i0.wp.com\/store.hartiatoys.com\/wp-content\/uploads\/2021\/06\/FR_HT_GoDaddy.png?resize=400%2C400&amp;ssl=1 400w, https:\/\/i0.wp.com\/store.hartiatoys.com\/wp-content\/uploads\/2021\/06\/FR_HT_GoDaddy.png?resize=100%2C100&amp;ssl=1 100w, https:\/\/i0.wp.com\/store.hartiatoys.com\/wp-content\/uploads\/2021\/06\/FR_HT_GoDaddy.png?resize=1000%2C1001&amp;ssl=1 1000w, https:\/\/i0.wp.com\/store.hartiatoys.com\/wp-content\/uploads\/2021\/06\/FR_HT_GoDaddy.png?resize=150%2C150&amp;ssl=1 150w, https:\/\/i0.wp.com\/store.hartiatoys.com\/wp-content\/uploads\/2021\/06\/FR_HT_GoDaddy.png?resize=300%2C300&amp;ssl=1 300w, https:\/\/i0.wp.com\/store.hartiatoys.com\/wp-content\/uploads\/2021\/06\/FR_HT_GoDaddy.png?resize=768%2C768&amp;ssl=1 768w, https:\/\/i0.wp.com\/store.hartiatoys.com\/wp-content\/uploads\/2021\/06\/FR_HT_GoDaddy.png?resize=1024%2C1024&amp;ssl=1 1024w, https:\/\/i0.wp.com\/store.hartiatoys.com\/wp-content\/uploads\/2021\/06\/FR_HT_GoDaddy.png?resize=1536%2C1536&amp;ssl=1 1536w, https:\/\/i0.wp.com\/store.hartiatoys.com\/wp-content\/uploads\/2021\/06\/FR_HT_GoDaddy.png?resize=1320%2C1321&amp;ssl=1 1320w\" sizes=\"(max-width: 150px) 100vw, 150px\" \/>\t\t\t\t\t\t\t\t\t\t\t\t\t\t\t<\/div>\n\t\t\t\t<\/div>\n\t\t\t\t\t<\/div>\n\t\t<\/div>\n\t\t\t\t<div class=\"elementor-column elementor-col-50 elementor-inner-column elementor-element elementor-element-1eee2f5\" data-id=\"1eee2f5\" data-element_type=\"column\" data-e-type=\"column\">\n\t\t\t<div class=\"elementor-widget-wrap elementor-element-populated\">\n\t\t\t\t\t\t<div class=\"elementor-element elementor-element-2bad1dc elementor-widget elementor-widget-text-editor\" data-id=\"2bad1dc\" data-element_type=\"widget\" data-e-type=\"widget\" data-widget_type=\"text-editor.default\">\n\t\t\t\t<div class=\"elementor-widget-container\">\n\t\t\t\t\t\t\t\t\t<p><strong>Anna Mihaltchev<\/strong> <\/p>\n<p>Anna Mihaltchev est n\u00e9e \u00e0 Prague, en R\u00e9publique tch\u00e8que. Elle est dipl\u00f4m\u00e9e de l&rsquo;Universit\u00e9 McGill et travaille chez Hartiatoys en tant que photographe et r\u00e9dactrice.<\/p>\n\t\t\t\t\t\t\t\t<\/div>\n\t\t\t\t<\/div>\n\t\t\t\t\t<\/div>\n\t\t<\/div>\n\t\t\t\t\t<\/div>\n\t\t<\/section>\n\t\t\t\t\t<\/div>\n\t\t<\/div>\n\t\t\t\t\t<\/div>\n\t\t<\/section>\n\t\t\t\t<footer class=\"elementor-section elementor-top-section elementor-element elementor-element-a5408ee elementor-section-stretched elementor-section-full_width elementor-section-height-default elementor-section-height-default\" data-id=\"a5408ee\" data-element_type=\"section\" data-e-type=\"section\" data-settings=\"{&quot;stretch_section&quot;:&quot;section-stretched&quot;}\">\n\t\t\t\t\t\t<div class=\"elementor-container elementor-column-gap-default\">\n\t\t\t\t\t<div class=\"elementor-column elementor-col-100 elementor-top-column elementor-element elementor-element-e2a95d3\" data-id=\"e2a95d3\" data-element_type=\"column\" data-e-type=\"column\">\n\t\t\t<div class=\"elementor-widget-wrap elementor-element-populated\">\n\t\t\t\t\t\t\t<\/div>\n\t\t<\/div>\n\t\t\t\t\t<\/div>\n\t\t<\/footer>\n\t\t\t\t<\/div>\n\t\t","protected":false},"excerpt":{"rendered":"<p>Atanas Mihaltchev Je suis n\u00e9e \u00e0 Sofia, en Bulgarie, et j&rsquo;ai termin\u00e9 l&rsquo;Acad\u00e9mie des arts appliqu\u00e9s de Prague, en R\u00e9publique tch\u00e8que, en 1980. Ma sp\u00e9cialit\u00e9 est l&rsquo;illustration et le design. Le papier est le principal support que j&rsquo;utilise pour cr\u00e9er mes sculptures. La transformation d&rsquo;une feuille de papier plate en un objet tridimensionnel m&rsquo;a toujours [&hellip;]<\/p>\n","protected":false},"author":1,"featured_media":0,"parent":0,"menu_order":0,"comment_status":"closed","ping_status":"closed","template":"elementor_header_footer","meta":{"site-sidebar-layout":"default","site-content-layout":"default","ast-site-content-layout":"default","site-content-style":"default","site-sidebar-style":"default","ast-global-header-display":"","ast-banner-title-visibility":"","ast-main-header-display":"","ast-hfb-above-header-display":"","ast-hfb-below-header-display":"","ast-hfb-mobile-header-display":"","site-post-title":"","ast-breadcrumbs-content":"","ast-featured-img":"","footer-sml-layout":"","ast-disable-related-posts":"","theme-transparent-header-meta":"default","adv-header-id-meta":"","stick-header-meta":"","header-above-stick-meta":"","header-main-stick-meta":"","header-below-stick-meta":"","astra-migrate-meta-layouts":"set","ast-page-background-enabled":"default","ast-page-background-meta":{"desktop":{"background-color":"","background-image":"","background-repeat":"repeat","background-position":"center center","background-size":"auto","background-attachment":"scroll","background-type":"","background-media":"","overlay-type":"","overlay-color":"","overlay-opacity":"","overlay-gradient":""},"tablet":{"background-color":"","background-image":"","background-repeat":"repeat","background-position":"center center","background-size":"auto","background-attachment":"scroll","background-type":"","background-media":"","overlay-type":"","overlay-color":"","overlay-opacity":"","overlay-gradient":""},"mobile":{"background-color":"","background-image":"","background-repeat":"repeat","background-position":"center center","background-size":"auto","background-attachment":"scroll","background-type":"","background-media":"","overlay-type":"","overlay-color":"","overlay-opacity":"","overlay-gradient":""}},"ast-content-background-meta":{"desktop":{"background-color":"var(--ast-global-color-5)","background-image":"","background-repeat":"repeat","background-position":"center center","background-size":"auto","background-attachment":"scroll","background-type":"","background-media":"","overlay-type":"","overlay-color":"","overlay-opacity":"","overlay-gradient":""},"tablet":{"background-color":"var(--ast-global-color-5)","background-image":"","background-repeat":"repeat","background-position":"center center","background-size":"auto","background-attachment":"scroll","background-type":"","background-media":"","overlay-type":"","overlay-color":"","overlay-opacity":"","overlay-gradient":""},"mobile":{"background-color":"var(--ast-global-color-5)","background-image":"","background-repeat":"repeat","background-position":"center center","background-size":"auto","background-attachment":"scroll","background-type":"","background-media":"","overlay-type":"","overlay-color":"","overlay-opacity":"","overlay-gradient":""}},"footnotes":""},"class_list":["post-2389","page","type-page","status-publish","hentry"],"jetpack_sharing_enabled":true,"jetpack_likes_enabled":true,"_links":{"self":[{"href":"https:\/\/store.hartiatoys.com\/fr\/wp-json\/wp\/v2\/pages\/2389","targetHints":{"allow":["GET"]}}],"collection":[{"href":"https:\/\/store.hartiatoys.com\/fr\/wp-json\/wp\/v2\/pages"}],"about":[{"href":"https:\/\/store.hartiatoys.com\/fr\/wp-json\/wp\/v2\/types\/page"}],"author":[{"embeddable":true,"href":"https:\/\/store.hartiatoys.com\/fr\/wp-json\/wp\/v2\/users\/1"}],"replies":[{"embeddable":true,"href":"https:\/\/store.hartiatoys.com\/fr\/wp-json\/wp\/v2\/comments?post=2389"}],"version-history":[{"count":4,"href":"https:\/\/store.hartiatoys.com\/fr\/wp-json\/wp\/v2\/pages\/2389\/revisions"}],"predecessor-version":[{"id":3518,"href":"https:\/\/store.hartiatoys.com\/fr\/wp-json\/wp\/v2\/pages\/2389\/revisions\/3518"}],"wp:attachment":[{"href":"https:\/\/store.hartiatoys.com\/fr\/wp-json\/wp\/v2\/media?parent=2389"}],"curies":[{"name":"wp","href":"https:\/\/api.w.org\/{rel}","templated":true}]}}